{"id":352,"date":"2019-04-24T08:06:53","date_gmt":"2019-04-24T08:06:53","guid":{"rendered":"https:\/\/bossemeilinknotariaat.nl\/privacy-statement\/"},"modified":"2023-11-13T14:02:28","modified_gmt":"2023-11-13T14:02:28","slug":"privacy-statement","status":"publish","type":"page","link":"https:\/\/bossemeilinknotariaat.nl\/en\/privacy-statement\/","title":{"rendered":"Privacy statement"},"content":{"rendered":"<p>[et_pb_section fb_built=&#8221;1&#8243; _builder_version=&#8221;3.0.47&#8243;][et_pb_row _builder_version=&#8221;3.0.48&#8243; background_size=&#8221;initial&#8221; background_position=&#8221;top_left&#8221; background_repeat=&#8221;repeat&#8221;][et_pb_column type=&#8221;4_4&#8243; _builder_version=&#8221;3.0.47&#8243; parallax=&#8221;off&#8221; parallax_method=&#8221;on&#8221;][et_pb_image src=&#8221;https:\/\/bossemeilinknotariaat.nl\/wp-content\/uploads\/2020\/04\/bossemeilink-aan-elkaar.png&#8221; _builder_version=&#8221;3.7&#8243;][\/et_pb_image][et_pb_text _builder_version=&#8221;3.7&#8243;]<\/p>\n<div><strong>Privacy statement BosseMeilink Notariaat B.V.<\/strong><\/div>\n<div>This statement provides information on how our office handles personal data processed in the context of our activities and services (BRP). the Commercial Register (Handelsregister) and The Netherlands\u2019 Cadastre, Land Registry and Mapping Agency (Kadaster).<br \/> \u2022 The civil-law notary must perform a mandatory check of your identity and will therefore request you to present a valid identity document. The civil-law notary is one of the few authorised to photocopy identity documents including all the data contained therein.<br \/> \u2022 Your personal data are subject to the civil-law notary&#8217;s obligation of professional secrecy. Unauthorised parties have no access to your data.<\/div>\n<div><\/div>\n<div><strong>Our contact details<\/strong><\/div>\n<div>Office name: BosseMeilink Notariaat<\/div>\n<div>Address: Teleportboulevard 110<\/div>\n<div>Postal code and town\/city: 1043 EJ \u00a0Amsterdam<\/div>\n<div>Contact person: Wessel Bosse<\/div>\n<div>Email address: info@bmnotariaat.nl<\/div>\n<div>\n<div><\/div>\n<div><strong>Our services<\/strong><\/div>\n<div>Our office requests your personal data for the following purposes only:<\/div>\n<div>\u2022to perform advisory engagements or other services;<\/div>\n<div>\u2022to fulfil statutory tasks and obligations;<\/div>\n<div>\u2022for the purposes for which you have specifically granted permission.<\/div>\n<div>Your personal data will not be processed for any other purposes without your permission.<\/div>\n<div>\n<div>Rules applicable to the use of personal data in notarial deeds<\/div>\n<div>If our office draws up a notarial deed using your personal data, the civil-law notary must comply with the legal regulations governing the processing of personal data:<\/div>\n<div>\u2022 The civil-law notary must include certain mandatory data, personal or otherwise, in the deed. Your personal data are therefore processed on a legal basis.<\/div>\n<div>\u2022 The civil-law notary must retain the signed deed containing your personal data in perpetuity.<\/div>\n<div>\n<div>\u2022 As soon as the civil-law notary signs the deed, it becomes an official document. This means that no further changes may be made to it, even if the personal data are incorrect. If changes need to be made, the civil-law notary must draw up a new deed in which the change is incorporated.<\/div>\n<div>\u2022 The civil-law notary must perform a mandatory check of certain data, personal otherwise, in the Persons Database (Basisregistratie Personen, BRP). the Commercial Register (Handelsregister) and The Netherlands\u2019 Cadastre, Land Registry and Mapping Agency (Kadaster).<br \/> \u2022 The civil-law notary must perform a mandatory check of your identity and will therefore request you to present a valid identity document. The civil-law notary is one of the few authorised to photocopy identity documents including all the data contained therein.<br \/> \u2022 Your personal data are subject to the civil-law notary&#8217;s obligation of professional secrecy. Unauthorised parties have no access to your data.<\/div>\n<\/div>\n<div><\/div>\n<div><strong>Advisory and other services<\/strong><br \/> The following applies to the processing of personal data for other purposes by our office:<br \/> \u2022 The purpose and corresponding legal base for the processing of personal data concerning requesting, collecting, consulting, using and saving for the purpose of passing and storing the notarial deeds, are as follows:<br \/> \u2022 Passing the notarial deeds (legal obligation)<br \/> \u2022 The purpose and corresponding legal base for the processing of personal data concerning requesting, collecting, consulting, using and saving for the purpose of the preparation and to settle the notarial deeds (file), are as follows:<br \/> \u2022 Passing the notarial deeds (legal obligation)<br \/> \u2022 The purpose and corresponding legal base for the processing of personal data concerning providing by means of forwarding: concepts and file pieces to third parties with permission of the client, are as follows:<br \/> \u2022 To inform third parties on request of the client (permission)<br \/> \u2022 The purpose and corresponding legal base for the processing of personal data concerning requesting, collecting, consulting, using and saving for the purpose of services to which no authentic instrument is attached, like advisement, private deeds and settlement legacy, are as follows:<\/div>\n<div>\u2022 To perform the engagement of the client (performance of the agreement)<br \/> \u2022 The purpose and corresponding legal base for the processing of personal data concerning providing by means of forwarding for the purpose of the registration of data or deeds in the register, are as follows:<br \/> \u2022 Knowability (legal obligation by CLTR permission)<br \/> \u2022 The purpose and corresponding legal base for the processing of personal data concerning settling and consulting for the purpose of the legalization of signatures, are as follows:<br \/> \u2022 To confirm the authenticity of the signature on request (performance of the agreement)<br \/> \u2022 The purpose and corresponding legal base for collecting, consulting and using data concerning construction registration for the purpose of acquisition and \/ or newsletters etc., are as follows:<br \/> \u2022 Marketing and acquisition (permission)<br \/> \u2022 The purpose and corresponding legal base for the processing of personal data concerning collecting, fixing and using data for the purpose of relationship management business contact in the chain, are as follows:<br \/> \u2022 To inform and to facilitate collaboration in the chain (permission)<br \/> \u2022 The purpose and corresponding legal base for the processing of personal data concerning collecting, fixing, using etc. data for financial administration, are as follows:<br \/> \u2022 Knowability financial rights and obligations (legal obligation)<br \/> \u2022 The purpose and corresponding legal base for the processing of personal data concerning collecting, fixing and using etc. for the purpose of construction and management of the personnel file; the legitimization of an employee, to save the payroll tax declaration, are as follows:<br \/> \u2022 Personnel management (legal obligation)<br \/> \u2022 The purpose and corresponding legal base for the processing of personal data concerning collecting, fixing, using and to provide by means of forwarding etc. like construction and management of salary administration, are as follows:<br \/> \u2022 Legal duty, execution of the agreement (legal obligation)<br \/> \u2022 The purpose and corresponding legal base for the processing of personal data concerning collecting, fixing and to save job application data, are as follows:<br \/> \u2022 Selection personnel (permission)<br \/> \u2022 The purpose and corresponding legal base for the processing of personal data concerning requesting, collecting, fixing and using for the purpose of the quotation, are as follows:<br \/> \u2022 To inform (permission)<\/div>\n<div><\/div>\n<div><strong>Source of personal data processed<br \/> <\/strong>If our office processes personal data relating to you, which we have not received from you, this will always take place in the context of the engagement assigned to us. The source of those data will be one of the following:<\/div>\n<div>\n<p>\u2022 Public registries, including The Netherlands\u2019 Cadastre, Land Registry and Mapping Agency, BRP, Commercial Business Register, etc.<br \/> \u2022 A real estate agent or other adviser in connection with a purchase agreement, to which you are one of the parties<br \/> \u2022 Donor<\/p>\n<p><strong>Forwarding your personal data<\/strong><br \/> Our office will forward your personal data to other parties (third parties) only if this is required by law or if this is actually necessary for the execution of the activities.<\/p>\n<p>Our office provides personal data to the following recipients:<br \/> \u2022 KNB<br \/> \u2022 Tax authority<br \/> \u2022 Register holders<br \/> \u2022 Chain partners who are hired by the client, like real estate agents, mortgage consultants, etc. if permission is granted by the client<\/p>\n<p>Our office does not forward personal data to non-EU countries nor to international organisations.<\/p>\n<p><strong>Retention of your personal data<\/strong><br \/> Our office will not retain your personal data any longer than necessary for the purpose for which they were collected, for the execution of statutory tasks and compliance with statutory obligations or for the fulfilment of agreements (for instance, due to time limits). The retention periods stipulated in statutory provisions, for instance those of the Dutch Civil-Law Notaries Act (Wet op het notarisambt), apply. Notarial deeds are retained in perpetuity.<\/p>\n<p><strong>Your rights relating to personal data processed by our office<\/strong><br \/> If your personal data are processed by our office, pursuant to the General Data Protection Regulation (GDPR) (EU) 2016\/679, you may exercise the rights stated below.<br \/> To that end, you must submit a request (preferably in writing) to the contact address stated in this privacy statement. Before granting your request, we will confirm your identity on the basis of a valid identity document first.<\/p>\n<p><strong>Right of inspection by the data subject<\/strong><br \/> You can always enquire which personal data our office processes, for which purpose they are used and how long the data will be retained. In the event that there is any legal basis that precludes us from complying with your request, we will assess this and inform you accordingly.<\/p>\n<p><strong>Right to rectification<\/strong><br \/> If you believe that certain data have been incorrectly processed, you have the right to request rectification of the data. This is not possible, however, if the data are used in a notarial deed, in which case a new deed must be drawn up as an addendum to the incorrect deed.<\/p>\n<p><strong>Right to erasure (right to be &#8216;forgotten&#8217;)<\/strong><br \/> If you wish to have your personal data erased, you may submit a request to that effect. If the data are included in a notarial deed, the civil-law notary is not permitted to erase the data.<\/p>\n<p><strong>Right to restriction of processing<\/strong><br \/> If you wish to restrict the processing of personal data by our office (pending rectification of your personal data at your request, an objection lodged against processing or because you specifically do not wish to have data erased even though processing of the data is unlawful), you may submit a request to that effect.<\/p>\n<p><strong>Right to data portability<\/strong><br \/> If your personal data are not processed for the purpose of a notarial deed and you wish to transfer the personal data to another service provider, you may submit a request to that effect. However, please note that such a transfer may not always be possible due to incompatibility with the statutory notarial duties.<\/p>\n<p>Possible restrictions in exercising your rights under the General Data Protection Regulation (EU) 2016\/679<br \/> Our office will make every effort to fulfil your rights under the General Data Protection Regulation (EU) 2016\/679. However, in some cases these rights may conflict with other statutory provisions for instance those of the Dutch Civil-Law Notaries Act. Should the civil-law notary for this reason be unable to fulfil a request relating to the rights described above, you will be notified accordingly in writing.<\/p>\n<p><strong>Complaints concerning the processing of your personal data by our office<\/strong><br \/> If you have any complaints concerning the processing of personal data by our office, please let us know by contacting: wessel@bvwn.nl.<br \/> You also have the right to submit a complaint to the supervisory authority, the Dutch Data Protection Authority (Autoriteit Persoonsgegevens).<br \/> You can use the website www.autoriteitpersoonsgegevens.nl.<\/p>\n<\/div>\n<div>\n<div><\/div>\n<\/div>\n<\/div>\n<\/div>\n<p>[\/et_pb_text][\/et_pb_column][\/et_pb_row][et_pb_row _builder_version=&#8221;3.0.48&#8243; background_size=&#8221;initial&#8221; background_position=&#8221;top_left&#8221; background_repeat=&#8221;repeat&#8221;][et_pb_column type=&#8221;4_4&#8243; _builder_version=&#8221;3.0.47&#8243; parallax=&#8221;off&#8221; parallax_method=&#8221;on&#8221;][\/et_pb_column][\/et_pb_row][\/et_pb_section]<\/p>\n","protected":false},"excerpt":{"rendered":"<p>Privacy statement BosseMeilink Notariaat B.V. This statement provides information on how our office handles personal data processed in the context of our activities and services (BRP). the Commercial Register (Handelsregister) and The Netherlands\u2019 Cadastre, Land Registry and Mapping Agency (Kadaster). \u2022 The civil-law notary must perform a mandatory check of your identity and will therefore [&hellip;]<\/p>\n","protected":false},"author":3059,"featured_media":0,"parent":0,"menu_order":0,"comment_status":"closed","ping_status":"closed","template":"","meta":{"_et_pb_use_builder":"on","_et_pb_old_content":"<p>Privacy verklaring BVWN<\/p><p>Deze verklaring geeft informatie over hoe ons kantoor omgaat met persoonsgegevens die in het kader van de werkzaamheden en dienstverlening worden verwerkt.<\/p><p><strong>Onze contactgegevens<\/strong><br \/>Naam kantoor: BosseVanWaateringe Notariaat<br \/>Adres: Kabelweg 37<br \/>Postcode \/ Plaats: 1014 BA<span class=\"Apple-converted-space\">\u00a0 <\/span>Amsterdam<br \/>Contactpersoon: Wessel Bosse<br \/>e-mailadres: wessel@bvwn.nl<\/p><p><strong>Onze dienstverlening<\/strong><br \/>Ons kantoor vraagt uw persoonsgegevens alleen op voor de volgende doelen:<br \/>* het uitvoeren van opdrachten voor advies of andere diensten;<br \/>* om te voldoen aan wettelijke taken en verplichtingen; of<br \/>* voor de doelen waar u specifiek toestemming voor heeft gegeven.<br \/>Uw gegevens worden niet zonder uw toestemming voor andere doelen verwerkt.<\/p><p>Persoonsgegevens worden opgevraagd voor het opmaken van een notari\u00eble akte of voor het uitvoeren van een andere opdracht.<span class=\"Apple-converted-space\">\u00a0<\/span><\/p><p><strong>Regels persoonsgegevens bij notari\u00eble akten<\/strong><br \/>Als ons kantoor een notari\u00eble akte opmaakt met uw persoonsgegevens, moet de notaris zich aan wettelijke regels houden. Deze hebben invloed op de verwerking van persoonsgegevens:<span class=\"Apple-converted-space\"><br \/><\/span>1. De notaris moet bepaalde (persoons)gegevens verplicht in de akte zetten. Uw gegevens worden dus op een wettelijke grondslag verwerkt.<span class=\"Apple-converted-space\"><br \/><\/span>2. De notaris moet de ondertekende akte met uw persoonsgegevens verplicht eeuwig bewaren.<br \/>3. Zodra de akte door de notaris is ondertekend, wordt het een officieel bewijsstuk. Dan mag er niets meer aan veranderd worden, ook niet als de persoonsgegevens niet kloppen. Als er wijzigingen nodig zijn, moet de notaris een nieuwe akte maken waarin de wijziging staat.<span class=\"Apple-converted-space\"><br \/><\/span>4. De notaris moet bepaalde (persoons)gegevens verplicht controleren in de Basisregistratie Personen (BRP), Handelsregister en Kadaster.<br \/>5. De notaris moet verplicht uw identiteit controleren. Hij moet daarvoor een geldig identiteitsbewijs van u opvragen, De notaris is \u00e9\u00e9n van de weinigen die dit ook mag kopi\u00ebren met alle gegevens die erop staan.<span class=\"Apple-converted-space\"><br \/><\/span>6. Uw persoonsgegevens vallen onder het beroepsgeheim van de notaris. Onbevoegden krijgen geen toegang tot de gegevens.<span class=\"Apple-converted-space\">\u00a0<\/span><\/p><p><strong>Adviezen en overige diensten<\/strong><br \/>Voor de overige verwerkingen van persoonsgegevens door ons kantoor geldt:<br \/>\u2022 De verwerking van persoonsgegevens m.b.t. het opvragen, verzamelen, raadplegen, gebruiken en opslaan t.b.v. passeren en bewaren van notari\u00eble akten, heeft het volgende doeleinde en de bijbehorende rechtsgrond:<span class=\"Apple-converted-space\"><br \/><\/span>\u00a0 \u00a0 - Passeren van de notari\u00eble akten (wettelijke verplichting)<br \/>\u2022 De verwerking van persoonsgegevens m.b.t. het opvragen, verzamelen, raadplegen, gebruiken en opslaan t.b.v. voorbereiden en afhandelen van notari\u00eble akten (dossier), heeft het volgende doeleinde en de bijbehorende rechtsgrond:<span class=\"Apple-converted-space\"><br \/><\/span>\u00a0 \u00a0 - Passeren van de notari\u00eble akten (wettelijke verplichting)<br \/>\u2022 De verwerking van persoonsgegevens m.b.t. het verstrekken d.m.v. doorzending: concepten en dossierstukken aan derden met toestemming cli\u00ebnt, heeft de volgende doeleinden en bijbehorende rechtsgronden:<span class=\"Apple-converted-space\"><br \/><\/span>\u00a0 \u00a0 - Informeren derden op verzoek van de cli\u00ebnt (toestemming)<br \/>\u2022 De verwerking van persoonsgegevens m.b.t. het opvragen, verzamelen, raadplegen, gebruiken en opslaan ten behoeve van<span class=\"Apple-converted-space\">\u00a0 <\/span>dienstverlening waaraan geen authentieke akte gekoppeld is zoals advisering, onderhandse akten en afwikkeling nalatenschap, heeft het volgende doeleinde en de bijbehorende rechtsgrond:<span class=\"Apple-converted-space\"><br \/><\/span>\u00a0 \u00a0 - Uitvoeren opdracht cli\u00ebnt (uitvoering overeenkomst)<br \/>\u2022 De verwerking van persoonsgegevens m.b.t. het verstrekken d.m.v. doorzending t.b.v. de inschrijving van gegevens of akten in het register, heeft het volgende doeleinde en de bijbehorende rechtsgrond:<span class=\"Apple-converted-space\"><br \/><\/span>\u00a0 \u00a0 - Kenbaarheid (wettelijke verplichting bij CLTR toestemming)<br \/>\u2022 De verwerking van persoonsgegevens m.b.t het vastleggen en raadplegen t.b.v. legaliseren van handtekeningen, heeft het volgende doeleinde en de bijbehorende rechtsgrond:<span class=\"Apple-converted-space\"><br \/><\/span>\u00a0 \u00a0 - Bevestigen echtheid handtekening op verzoek (uitvoering overeenkomst)<br \/>\u2022 De verwerking van persoonsgegevens m.b.t het verzamelen, vastleggen<span class=\"Apple-converted-space\">\u00a0 <\/span>en gebruiken van gegevens voor aanleg registratie<span class=\"Apple-converted-space\">\u00a0 <\/span>t.b.v. acquisitie en\/of nieuwsbrieven etc, heeft het volgende doeleinde en de bijbehorende rechtsgrond:<span class=\"Apple-converted-space\"><br \/><\/span>\u00a0 \u00a0 - Marketing en acquisitie (toestemming)<br \/>\u2022 De verwerking van persoonsgegevens m.b.t het verzamelen, vastleggen en gebruiken van gegevens t.b.v. relatiebeheer zakelijke contactpersonen in de keten, heeft het volgende doeleinde en de bijbehorende rechtsgrond:<span class=\"Apple-converted-space\"><br \/><\/span>\u00a0 \u00a0 - Informeren en faciliteren samenwerking in de keten (toestemming)<br \/>\u2022 De verwerking van persoonsgegevens m.b.t het verzamelen, vastleggen, gebruiken etc. van gegevens voor de financi\u00eble administratie, heeft het volgende doeleinde en de bijbehorende rechtsgrond:<span class=\"Apple-converted-space\"><br \/><\/span>\u00a0 \u00a0 - Kenbaarheid financi\u00eble rechten en verplichtingen (wettelijke verplichting)<br \/>\u2022 De verwerking van persoonsgegevens m.b.t het verzamelen, vastleggen, gebruiken etc. t.b.v. aanleg en beheer personeelsdossier; het legitimeren van een werknemer, het bewaren van de loonbelastingverklaring, heeft het volgende doeleinde en de bijbehorende rechtsgrond:<span class=\"Apple-converted-space\"><br \/><\/span>\u00a0 \u00a0 - Personeelsmanagement (wettelijke verplichting)<br \/>\u2022 De verwerking van persoonsgegevens m.b.t het verzamelen, vastleggen, gebruiken en verstrekken d.mv. doorzending etc t.b.v. aanleg en beheer van salarisadministratie, heeft het volgende doeleinde en de bijbehorende rechtsgrond:<span class=\"Apple-converted-space\"><br \/><\/span>\u00a0 \u00a0 - Wettelijke plicht, uitvoeren overeenkomst (wettelijke verplichting)<br \/>\u2022 De verwerking van persoonsgegevens m.b.t het verzamelen, vastleggen en bewaren van sollicitatiegegevens, heeft het volgende doeleinde en de bijbehorende rechtsgrond:<span class=\"Apple-converted-space\"><br \/><\/span>\u00a0 \u00a0 - Selectie personeel (toestemming)<br \/>\u2022 De verwerking van persoonsgegevens m.b.t het opvragen, verzamelen, vastleggen en gebruiken van gegevens t.b.v. de offerte, heeft het volgende doeleinde en de bijbehorende rechtsgrond:<span class=\"Apple-converted-space\"><br \/><\/span>\u00a0 \u00a0 - Informeren (toestemming)<\/p><p><strong>Bron van verwerkte persoonsgegevens<\/strong><br \/>Als ons kantoor persoonsgegevens van u verwerkt, die wij niet van uzelf hebben verkregen, dan zal dat altijd gebeuren in het kader van de ons verstrekte opdracht. De bron van die gegevens zal dan \u00e9\u00e9n van de volgende zijn:<br \/>\u2022 Openbare registers, waaronder het Kadaster, BRP, Handelsregister, etc.<br \/>\u2022 Makelaar of andere adviseur in verband met een koopovereenkomst waarin u \u00e9\u00e9n van de partijen bent<br \/>\u2022 Schenker<br \/><strong>Doorgeven van uw persoonsgegevens<\/strong><br \/>Ons kantoor geeft uw persoonsgegevens alleen aan anderen (derde partijen) door als dat wettelijk verplicht is of als dat echt nodig is om de werkzaamheden uit te voeren.<br \/>Ons kantoor verstrekt persoonsgegevens aan de volgende ontvangers:<br \/>\u2022 KNB<br \/>\u2022 Belastingdienst<br \/>\u2022 Registerhouders<br \/>\u2022 Door cli\u00ebnt ingeschakelde ketenpartners, zoals makelaars, hypotheekadviseurs, etc, indien toestemming van de cli\u00ebnt<\/p><p>Persoonsgegevens worden door ons kantoor niet doorgegeven buiten de EU of aan een internationale organisatie.<\/p><p><strong>Bewaren van uw persoonsgegeven<\/strong>s<br \/>Uw persoonsgegevens worden door ons kantoor niet langer bewaard dan nodig voor het doel waarvoor zij zijn verzameld, voor het uitoefenen van wettelijke taken en het nakomen van wettelijke verplichtingen of het uitvoeren van overeenkomsten (denk aan verjaringstermijnen). Bewaartermijnen uit wettelijke bepalingen zoals de Wet op het notarisambt en de archiefwet zijn van toepassing. Notari\u00eble akten worden eeuwig bewaard.<\/p><p><strong>Uw rechten ten aanzien van door ons verwerkte persoonsgegevens<\/strong><br \/>Wanneer uw persoonsgegevens door ons kantoor worden verwerkt kunt u op grond van de Algemene Verordening Gegevensbescherming van de onderstaande rechten gebruik maken.<span class=\"Apple-converted-space\"><br \/><\/span>Dit doet u door een (liefst schriftelijke) aanvraag via de contactgegevens uit deze privacy verklaring. Voor wij uw aanvraag inwilligen, zullen wij u eerst identificeren aan de hand van een geldig identiteitsbewijs.<span class=\"Apple-converted-space\"><br \/><\/span>Recht van inzage van de betrokkene<span class=\"Apple-converted-space\"><br \/><\/span>U kunt altijd opvragen welke persoonsgegevens ons kantoor verwerkt, voor welk doel dat is en<span class=\"Apple-converted-space\">\u00a0 <\/span>hoe lang deze bewaard worden. Mogelijk is er een wettelijke grondslag waardoor we niet op uw verzoek in kunnen gaan, wij zullen dit beoordelen en u hierover informeren.<\/p><p><strong>Recht op rectificatie<\/strong><br \/>Wanneer u meent dat bepaalde gegevens niet correct zijn verwerkt, heeft u het recht rectificatie van deze gegevens te vragen. Als dit gaat om gegevens in een notari\u00eble akte, is dat niet mogelijk en zal een nieuwe akte moeten worden opgesteld als aanvulling op de onjuiste akte.<br \/>Recht op gegevenswissing (recht op \u2018vergetelheid\u2019)<br \/>Wanneer u wilt dat uw persoonsgegevens worden verwijderd, kunt u hiervoor een verzoek indienen. Staan de gegevens in een notari\u00eble akte, dan mag de notaris deze niet verwijderen.<\/p><p><strong>Recht op beperking van de verwerking<\/strong><br \/>Wanneer u de verwerking van persoonsgegevens door ons kantoor wil beperken (in afwachting van door u gevraagde rectificatie van uw persoonsgegevens, gemaakt bezwaar tegen verwerking of omdat u juist niet wil dat gegevens worden verwijderd ondanks dat de verwerking onrechtmatig is) kunt u hiervoor een verzoek indienen.<\/p><p><strong>Recht op overdraagbaarheid van gegevens<\/strong><br \/>Wanneer uw persoonsgegevens niet worden verwerkt voor een notari\u00eble akte en u de persoonsgegevens wil overdragen naar een andere dienstverlener kunt u hiervoor een verzoek indienen. Een dergelijke overdracht is overigens niet altijd mogelijk, aangezien wettelijke notari\u00eble plichten zich hiertegen kunnen verzetten.<br \/>Mogelijke beperkingen in het uitoefenen van uw rechten op basis van de Algemene Verordening Gegevensbescherming<br \/>Ons kantoor stelt alles in het werk om te voldoen aan uw rechten op basis van de Algemene Verordening Gegevensbescherming. Het kan echter voorkomen dat deze rechten in conflict zijn met andere wettelijke bepalingen zoals de Wet op het notarisambt. Mocht de notaris om die reden niet aan \u00e9\u00e9n van de genoemde verzoek kunnen voldoen, dan wordt u hiervan schriftelijk op de hoogte gesteld.<br \/>Klachten over de verwerking van uw persoonsgegevens door ons kantoor<br \/>Wanneer u klachten heeft over de verwerking van persoonsgegevens door ons kantoor dan horen wij dit graag via wessel@bvwn.nl.<br \/>U heeft ook het recht een klacht in te dienen bij de toezichthouder, de Autoriteit Persoonsgegevens.<br \/>Hiervoor kunt u terecht op de website www.autoriteitpersoonsgegevens.nl<\/p>","_et_gb_content_width":"","footnotes":""},"class_list":["post-352","page","type-page","status-publish","hentry"],"_links":{"self":[{"href":"https:\/\/bossemeilinknotariaat.nl\/en\/wp-json\/wp\/v2\/pages\/352","targetHints":{"allow":["GET"]}}],"collection":[{"href":"https:\/\/bossemeilinknotariaat.nl\/en\/wp-json\/wp\/v2\/pages"}],"about":[{"href":"https:\/\/bossemeilinknotariaat.nl\/en\/wp-json\/wp\/v2\/types\/page"}],"author":[{"embeddable":true,"href":"https:\/\/bossemeilinknotariaat.nl\/en\/wp-json\/wp\/v2\/users\/3059"}],"replies":[{"embeddable":true,"href":"https:\/\/bossemeilinknotariaat.nl\/en\/wp-json\/wp\/v2\/comments?post=352"}],"version-history":[{"count":7,"href":"https:\/\/bossemeilinknotariaat.nl\/en\/wp-json\/wp\/v2\/pages\/352\/revisions"}],"predecessor-version":[{"id":1024,"href":"https:\/\/bossemeilinknotariaat.nl\/en\/wp-json\/wp\/v2\/pages\/352\/revisions\/1024"}],"wp:attachment":[{"href":"https:\/\/bossemeilinknotariaat.nl\/en\/wp-json\/wp\/v2\/media?parent=352"}],"curies":[{"name":"wp","href":"https:\/\/api.w.org\/{rel}","templated":true}]}}